{"id":1303,"date":"2025-09-26T10:18:50","date_gmt":"2025-09-26T07:18:50","guid":{"rendered":"https:\/\/shantiruum.ee\/?page_id=1303"},"modified":"2025-09-26T11:44:26","modified_gmt":"2025-09-26T08:44:26","slug":"osho-aktiivsed-meditatsioonid","status":"publish","type":"page","link":"https:\/\/shantiruum.ee\/en\/osho-aktiivsed-meditatsioonid\/","title":{"rendered":"Osho Aktiivsed Meditatsioonid"},"content":{"rendered":"<div data-elementor-type=\"wp-page\" data-elementor-id=\"1303\" class=\"elementor elementor-1303\">\n\t\t\t\t<div class=\"elementor-element elementor-element-05b0b34 e-flex e-con-boxed e-con e-parent\" data-id=\"05b0b34\" data-element_type=\"container\" data-e-type=\"container\" data-settings=\"{&quot;background_background&quot;:&quot;classic&quot;}\">\n\t\t\t\t\t<div class=\"e-con-inner\">\n\t\t<div class=\"elementor-element elementor-element-ee8ebfd e-con-full e-flex e-con e-child\" data-id=\"ee8ebfd\" data-element_type=\"container\" data-e-type=\"container\">\n\t\t\t\t<div class=\"elementor-element elementor-element-7dab554 elementor-widget__width-initial elementor-widget elementor-widget-hfe-infocard\" data-id=\"7dab554\" data-element_type=\"widget\" data-e-type=\"widget\" data-widget_type=\"hfe-infocard.default\">\n\t\t\t\t<div class=\"elementor-widget-container\">\n\t\t\t\t\t\n\t\t<div class=\"hfe-infocard\">\n\t\t\t\t\t\t\t\t\t<div class=\"hfe-infocard-title-wrap\">\n\t\t\t\t<h2 class=\"hfe-infocard-title elementor-inline-editing\" data-elementor-setting-key=\"infocard_title\" data-elementor-inline-editing-toolbar=\"basic\" >OSHO Aktiivsed Meditatsioonid\u00ae<\/h2>\t\t\t<\/div>\n\t\t\t\t\t\t<div class=\"hfe-infocard-text-wrap\">\n\t\t\t\t<div class=\"hfe-infocard-text elementor-inline-editing\" data-elementor-setting-key=\"infocard_description\" data-elementor-inline-editing-toolbar=\"advanced\">\n\t\t\t\t\t\t\t\t\t<\/div>\n\t\t\t\t\t\t\t<\/div>\n\t\t<\/div>\n\n\t\t\t\t\t\t<\/div>\n\t\t\t\t<\/div>\n\t\t\t\t<\/div>\n\t\t\t\t\t<\/div>\n\t\t\t\t<\/div>\n\t\t\t\t<section class=\"elementor-section elementor-top-section elementor-element elementor-element-id0wnu6 elementor-section-content-middle elementor-section-boxed elementor-section-height-default elementor-section-height-default\" data-id=\"id0wnu6\" data-element_type=\"section\" data-e-type=\"section\" data-settings=\"{&quot;background_background&quot;:&quot;classic&quot;}\">\n\t\t\t\t\t\t<div class=\"elementor-container elementor-column-gap-no\">\n\t\t\t\t\t<div class=\"elementor-column elementor-col-50 elementor-top-column elementor-element elementor-element-cb91d49\" data-id=\"cb91d49\" data-element_type=\"column\" data-e-type=\"column\">\n\t\t\t<div class=\"elementor-widget-wrap elementor-element-populated\">\n\t\t\t\t\t\t<div class=\"elementor-element elementor-element-2818576 elementor-widget elementor-widget-image-box\" data-id=\"2818576\" data-element_type=\"widget\" data-e-type=\"widget\" data-widget_type=\"image-box.default\">\n\t\t\t\t<div class=\"elementor-widget-container\">\n\t\t\t\t\t<div class=\"elementor-image-box-wrapper\"><div class=\"elementor-image-box-content\"><h2 class=\"elementor-image-box-title\">OSHO Aktiivsed Meditatsioonid<span style=\"font-family: Arial, sans-serif;font-size: 16px\">\u00ae<\/span><\/h2><p class=\"elementor-image-box-description\"><b>Teisip\u00e4eviti kell 18 - 19 (alates 7.10)<\/b><\/p><\/div><\/div>\t\t\t\t<\/div>\n\t\t\t\t<\/div>\n\t\t\t\t<div class=\"elementor-element elementor-element-8a91095 elementor-widget elementor-widget-text-editor\" data-id=\"8a91095\" data-element_type=\"widget\" data-e-type=\"widget\" data-widget_type=\"text-editor.default\">\n\t\t\t\t<div class=\"elementor-widget-container\">\n\t\t\t\t\t\t\t\t\t<p dir=\"ltr\">Paljud traditsioonilised meditatsioonid algavad paigal istumisest, kuid t\u00e4nap\u00e4eva inimese meel on tihti liiga rahutu ja keha t\u00e4is pingeid. Selleks l\u00f5i Osho teaduslikult \u00fcles ehitatud aktiivsed meditatsioonid \u2013 liikumise ja vaikuse kombinatsiooni, mis aitab stressi vabastada ja tuua sind s\u00fcgavamalt iseendaga \u00fchendusse.<\/p><p dir=\"ltr\"><b>Miks tulla?<\/b><br \/>\u2022 Vabastad kehasse kogunenud pinged ja emotsioonid<br \/>\u2022 Suurendad sisemist rahu, loovust ja elur\u00f5\u00f5mu<br \/>\u2022 Toetad und, keskendumist ja \u00fcldist heaolu<br \/>\u2022 \u00d5pid kogema vaikust, mis tekib loomulikult p\u00e4rast liikumist<\/p><p dir=\"ltr\"><b>Kuidas toimub?<\/b><br \/>Seanss kestab umbes 60-65 minutit ja koosneb mitmest osast: aktiivne liikumine (hingamine, tants, helid) \u2192 vaikus ja l\u00f5dvestus. Ei ole vaja eelteadmisi ega erivarustust \u2013 piisab avatusest proovida.<\/p><p dir=\"ltr\">Igal teisip\u00e4eval kell 18:00\u00a0 tutvustan \u00fcht uut Osho 12-st unikaalsest meditatsioonist, et saaksid avastada, milline praktika Sind k\u00f5ige enam k\u00f5netab.<\/p><p dir=\"ltr\">Meditatsioon algab ~18:10, palun tule aegsasti (hilinejaid kahjuks liita ei saa).<span style=\"font-style: inherit; font-weight: inherit;\">\u00a0<\/span><\/p><p dir=\"ltr\"><b>Hinnad:<\/b><br \/>\u2022 Proovitund: 10 \u20ac<br \/>\u2022 \u00dcksiktund: 20 \u20ac<br \/>\u2022 Kuupakett (4 korda): 60 \u20ac<\/p><p dir=\"ltr\"><b>Oluline:<\/b>\u00a0<span style=\"font-style: inherit; font-weight: inherit;\">koha broneerimiseks on vajalik eelregistreerimine ja ettemaks. Kohti on piiratud koguses!\u00a0<\/span><\/p><p dir=\"ltr\">Registreeru kirjutades mulle Instagrami <a href=\"https:\/\/www.instagram.com\/flow_in_univerzuum\/\"><b>flow_in_univerzuum<\/b><\/a>\u00a0s\u00f5numi v\u00f5i e-mailile<b> <a href=\"mailto:univerzuum@gmail.com\" target=\"_blank\" rel=\"noopener\">univerzuum@gmail.com<\/a><\/b>. Saadan Sulle makseinfo ja kinnitan Su koha.<\/p><p dir=\"ltr\">Tule ja koge, kuidas liikumise kaudu saab j\u00f5uda kerguse, selguse ja sisemise rahuni.<\/p><p dir=\"ltr\"><b>Chandragiri \/ Silvia East<\/b>\u00a0<\/p><p dir=\"ltr\">Meditatsiooni \u00f5petaja ja OSHO Aktiivsete Meditatsioonide\u00ae juhendaja<\/p>\t\t\t\t\t\t\t\t<\/div>\n\t\t\t\t<\/div>\n\t\t\t\t\t<\/div>\n\t\t<\/div>\n\t\t\t\t<div class=\"elementor-column elementor-col-50 elementor-top-column elementor-element elementor-element-8059d71\" data-id=\"8059d71\" data-element_type=\"column\" data-e-type=\"column\">\n\t\t\t<div class=\"elementor-widget-wrap elementor-element-populated\">\n\t\t\t\t\t\t<div class=\"elementor-element elementor-element-33a1cbb elementor-widget elementor-widget-image\" data-id=\"33a1cbb\" data-element_type=\"widget\" data-e-type=\"widget\" data-widget_type=\"image.default\">\n\t\t\t\t<div class=\"elementor-widget-container\">\n\t\t\t\t\t\t\t\t\t\t\t\t\t\t\t<img fetchpriority=\"high\" decoding=\"async\" width=\"819\" height=\"1024\" src=\"https:\/\/shantiruum.ee\/wp-content\/uploads\/2025\/09\/4L6A1208-819x1024.jpg\" class=\"attachment-large size-large wp-image-1335\" alt=\"\" srcset=\"https:\/\/shantiruum.ee\/wp-content\/uploads\/2025\/09\/4L6A1208-819x1024.jpg 819w, https:\/\/shantiruum.ee\/wp-content\/uploads\/2025\/09\/4L6A1208-240x300.jpg 240w, https:\/\/shantiruum.ee\/wp-content\/uploads\/2025\/09\/4L6A1208-768x960.jpg 768w, https:\/\/shantiruum.ee\/wp-content\/uploads\/2025\/09\/4L6A1208-1229x1536.jpg 1229w, https:\/\/shantiruum.ee\/wp-content\/uploads\/2025\/09\/4L6A1208-1638x2048.jpg 1638w, https:\/\/shantiruum.ee\/wp-content\/uploads\/2025\/09\/4L6A1208-10x12.jpg 10w, https:\/\/shantiruum.ee\/wp-content\/uploads\/2025\/09\/4L6A1208.jpg 2048w\" sizes=\"(max-width: 819px) 100vw, 819px\" \/>\t\t\t\t\t\t\t\t\t\t\t\t\t\t\t<\/div>\n\t\t\t\t<\/div>\n\t\t\t\t\t<\/div>\n\t\t<\/div>\n\t\t\t\t\t<\/div>\n\t\t<\/section>\n\t\t\t\t<\/div>","protected":false},"excerpt":{"rendered":"<p>OSHO Aktiivsed Meditatsioonid\u00ae OSHO Aktiivsed Meditatsioonid\u00ae Teisip\u00e4eviti kell 18 &#8211; 19 (alates 7.10) Paljud traditsioonilised meditatsioonid algavad paigal istumisest, kuid t\u00e4nap\u00e4eva inimese meel on tihti liiga rahutu ja keha t\u00e4is pingeid. Selleks l\u00f5i Osho teaduslikult \u00fcles ehitatud aktiivsed meditatsioonid \u2013 liikumise ja vaikuse kombinatsiooni, mis aitab stressi vabastada ja tuua sind s\u00fcgavamalt iseendaga \u00fchendusse. Miks [&hellip;]<\/p>\n","protected":false},"author":1,"featured_media":0,"parent":0,"menu_order":0,"comment_status":"closed","ping_status":"closed","template":"","meta":{"site-sidebar-layout":"no-sidebar","site-content-layout":"page-builder","ast-site-content-layout":"full-width-container","site-content-style":"unboxed","site-sidebar-style":"unboxed","ast-global-header-display":"","ast-banner-title-visibility":"","ast-main-header-display":"","ast-hfb-above-header-display":"","ast-hfb-below-header-display":"","ast-hfb-mobile-header-display":"","site-post-title":"disabled","ast-breadcrumbs-content":"","ast-featured-img":"disabled","footer-sml-layout":"disabled","ast-disable-related-posts":"","theme-transparent-header-meta":"enabled","adv-header-id-meta":"","stick-header-meta":"","header-above-stick-meta":"","header-main-stick-meta":"","header-below-stick-meta":"","astra-migrate-meta-layouts":"set","ast-page-background-enabled":"default","ast-page-background-meta":{"desktop":{"background-color":"","background-image":"","background-repeat":"repeat","background-position":"center center","background-size":"auto","background-attachment":"scroll","background-type":"","background-media":"","overlay-type":"","overlay-color":"","overlay-opacity":"","overlay-gradient":""},"tablet":{"background-color":"","background-image":"","background-repeat":"repeat","background-position":"center center","background-size":"auto","background-attachment":"scroll","background-type":"","background-media":"","overlay-type":"","overlay-color":"","overlay-opacity":"","overlay-gradient":""},"mobile":{"background-color":"","background-image":"","background-repeat":"repeat","background-position":"center center","background-size":"auto","background-attachment":"scroll","background-type":"","background-media":"","overlay-type":"","overlay-color":"","overlay-opacity":"","overlay-gradient":""}},"ast-content-background-meta":{"desktop":{"background-color":"var(--ast-global-color-5)","background-image":"","background-repeat":"repeat","background-position":"center center","background-size":"auto","background-attachment":"scroll","background-type":"","background-media":"","overlay-type":"","overlay-color":"","overlay-opacity":"","overlay-gradient":""},"tablet":{"background-color":"var(--ast-global-color-5)","background-image":"","background-repeat":"repeat","background-position":"center center","background-size":"auto","background-attachment":"scroll","background-type":"","background-media":"","overlay-type":"","overlay-color":"","overlay-opacity":"","overlay-gradient":""},"mobile":{"background-color":"var(--ast-global-color-5)","background-image":"","background-repeat":"repeat","background-position":"center center","background-size":"auto","background-attachment":"scroll","background-type":"","background-media":"","overlay-type":"","overlay-color":"","overlay-opacity":"","overlay-gradient":""}},"footnotes":""},"class_list":["post-1303","page","type-page","status-publish","hentry"],"_links":{"self":[{"href":"https:\/\/shantiruum.ee\/en\/wp-json\/wp\/v2\/pages\/1303","targetHints":{"allow":["GET"]}}],"collection":[{"href":"https:\/\/shantiruum.ee\/en\/wp-json\/wp\/v2\/pages"}],"about":[{"href":"https:\/\/shantiruum.ee\/en\/wp-json\/wp\/v2\/types\/page"}],"author":[{"embeddable":true,"href":"https:\/\/shantiruum.ee\/en\/wp-json\/wp\/v2\/users\/1"}],"replies":[{"embeddable":true,"href":"https:\/\/shantiruum.ee\/en\/wp-json\/wp\/v2\/comments?post=1303"}],"version-history":[{"count":22,"href":"https:\/\/shantiruum.ee\/en\/wp-json\/wp\/v2\/pages\/1303\/revisions"}],"predecessor-version":[{"id":1345,"href":"https:\/\/shantiruum.ee\/en\/wp-json\/wp\/v2\/pages\/1303\/revisions\/1345"}],"wp:attachment":[{"href":"https:\/\/shantiruum.ee\/en\/wp-json\/wp\/v2\/media?parent=1303"}],"curies":[{"name":"wp","href":"https:\/\/api.w.org\/{rel}","templated":true}]}}