{"id":1289,"date":"2025-09-25T19:48:15","date_gmt":"2025-09-25T16:48:15","guid":{"rendered":"https:\/\/shantiruum.ee\/?page_id=1289"},"modified":"2025-10-11T10:17:49","modified_gmt":"2025-10-11T07:17:49","slug":"vabastav-hingamine","status":"publish","type":"page","link":"https:\/\/shantiruum.ee\/en\/vabastav-hingamine\/","title":{"rendered":"Vabastav Hingamine"},"content":{"rendered":"<div data-elementor-type=\"wp-page\" data-elementor-id=\"1289\" class=\"elementor elementor-1289\">\n\t\t\t\t<div class=\"elementor-element elementor-element-05b0b34 e-flex e-con-boxed e-con e-parent\" data-id=\"05b0b34\" data-element_type=\"container\" data-e-type=\"container\" data-settings=\"{&quot;background_background&quot;:&quot;classic&quot;}\">\n\t\t\t\t\t<div class=\"e-con-inner\">\n\t\t<div class=\"elementor-element elementor-element-ee8ebfd e-con-full e-flex e-con e-child\" data-id=\"ee8ebfd\" data-element_type=\"container\" data-e-type=\"container\">\n\t\t\t\t<div class=\"elementor-element elementor-element-7dab554 elementor-widget__width-initial elementor-widget elementor-widget-hfe-infocard\" data-id=\"7dab554\" data-element_type=\"widget\" data-e-type=\"widget\" data-widget_type=\"hfe-infocard.default\">\n\t\t\t\t<div class=\"elementor-widget-container\">\n\t\t\t\t\t\n\t\t<div class=\"hfe-infocard\">\n\t\t\t\t\t\t\t\t\t<div class=\"hfe-infocard-title-wrap\">\n\t\t\t\t<h2 class=\"hfe-infocard-title elementor-inline-editing\" data-elementor-setting-key=\"infocard_title\" data-elementor-inline-editing-toolbar=\"basic\" >Vabastav hingamine<\/h2>\t\t\t<\/div>\n\t\t\t\t\t\t<div class=\"hfe-infocard-text-wrap\">\n\t\t\t\t<div class=\"hfe-infocard-text elementor-inline-editing\" data-elementor-setting-key=\"infocard_description\" data-elementor-inline-editing-toolbar=\"advanced\">\n\t\t\t\t\t\t\t\t\t<\/div>\n\t\t\t\t\t\t\t<\/div>\n\t\t<\/div>\n\n\t\t\t\t\t\t<\/div>\n\t\t\t\t<\/div>\n\t\t\t\t<\/div>\n\t\t\t\t\t<\/div>\n\t\t\t\t<\/div>\n\t\t\t\t<section class=\"elementor-section elementor-top-section elementor-element elementor-element-id0wnu6 elementor-section-content-middle elementor-section-boxed elementor-section-height-default elementor-section-height-default\" data-id=\"id0wnu6\" data-element_type=\"section\" data-e-type=\"section\" data-settings=\"{&quot;background_background&quot;:&quot;classic&quot;}\">\n\t\t\t\t\t\t<div class=\"elementor-container elementor-column-gap-no\">\n\t\t\t\t\t<div class=\"elementor-column elementor-col-50 elementor-top-column elementor-element elementor-element-cb91d49\" data-id=\"cb91d49\" data-element_type=\"column\" data-e-type=\"column\">\n\t\t\t<div class=\"elementor-widget-wrap elementor-element-populated\">\n\t\t\t\t\t\t<div class=\"elementor-element elementor-element-2818576 elementor-widget elementor-widget-image-box\" data-id=\"2818576\" data-element_type=\"widget\" data-e-type=\"widget\" data-widget_type=\"image-box.default\">\n\t\t\t\t<div class=\"elementor-widget-container\">\n\t\t\t\t\t<div class=\"elementor-image-box-wrapper\"><div class=\"elementor-image-box-content\"><h2 class=\"elementor-image-box-title\">Vabastav hingamine<\/h2><p class=\"elementor-image-box-description\"><b>Neljap\u00e4eval 6.11 kell 19:00 - 21:30<\/b><\/p><\/div><\/div>\t\t\t\t<\/div>\n\t\t\t\t<\/div>\n\t\t\t\t<div class=\"elementor-element elementor-element-8a91095 elementor-widget elementor-widget-text-editor\" data-id=\"8a91095\" data-element_type=\"widget\" data-e-type=\"widget\" data-widget_type=\"text-editor.default\">\n\t\t\t\t<div class=\"elementor-widget-container\">\n\t\t\t\t\t\t\t\t\t<p>V\u00f5imas vabastava hingamise seanss Keilas!<\/p><p>Mina olen Juhan Noode, biod\u00fcnaamilise ning rebirthing hingamist\u00f6\u00f6 juhendaja.<\/p><p>Viin l\u00e4bi vabastava hingamise seansse. P\u00f5hjus selleks on lihtne &#8211; tervenesin t\u00e4nu sellele praktikale \u00e4revushoogudest ja depressioonist. Tundsin, et tegu on millegi v\u00e4ga olulise ja vajalikuga, mida soovin edasi anda. Olen seda teinud n\u00fc\u00fcdseks 4 aastat ja teen seda suure kire ja armastusega.<\/p><p>5. oktoobri \u00f5htul on v\u00f5imalus tulla kogema seda ilusat, vabastavat ja v\u00e4estavat praktikat Keilas, uues ja v\u00e4rskes heaolu ruumis, millel nimeks Shanti Ruum.<\/p><p>Vabastav hingamine reguleerib meie n\u00e4rvis\u00fcsteemi, loob ilusa \u00fchenduse allasurutud emotsioonidega, rahustab meelt, aitab vabaneda kehalistel pingetel ning loob \u00fchenduse meie t\u00f5elise olemusega &#8211; armastusega.<\/p><p>Osalus: 35\u20ac<br \/>Kestvus: 2.5h<\/p>\t\t\t\t\t\t\t\t<\/div>\n\t\t\t\t<\/div>\n\t\t\t\t<div class=\"elementor-element elementor-element-1f29d07 elementor-mobile-align-center elementor-widget elementor-widget-button\" data-id=\"1f29d07\" data-element_type=\"widget\" data-e-type=\"widget\" data-widget_type=\"button.default\">\n\t\t\t\t<div class=\"elementor-widget-container\">\n\t\t\t\t\t\t\t\t\t<div class=\"elementor-button-wrapper\">\n\t\t\t\t\t<a class=\"elementor-button elementor-button-link elementor-size-sm\" href=\"http:\/\/www.fienta.com\/et\/hingamisrannak\">\n\t\t\t\t\t\t<span class=\"elementor-button-content-wrapper\">\n\t\t\t\t\t\t\t\t\t<span class=\"elementor-button-text\">Lisainfo ja registreerimine<\/span>\n\t\t\t\t\t<\/span>\n\t\t\t\t\t<\/a>\n\t\t\t\t<\/div>\n\t\t\t\t\t\t\t\t<\/div>\n\t\t\t\t<\/div>\n\t\t\t\t\t<\/div>\n\t\t<\/div>\n\t\t\t\t<div class=\"elementor-column elementor-col-50 elementor-top-column elementor-element elementor-element-fd5cbea\" data-id=\"fd5cbea\" data-element_type=\"column\" data-e-type=\"column\">\n\t\t\t<div class=\"elementor-widget-wrap elementor-element-populated\">\n\t\t\t\t\t\t<div class=\"elementor-element elementor-element-5b04205 elementor-widget elementor-widget-image\" data-id=\"5b04205\" data-element_type=\"widget\" data-e-type=\"widget\" data-widget_type=\"image.default\">\n\t\t\t\t<div class=\"elementor-widget-container\">\n\t\t\t\t\t\t\t\t\t\t\t\t\t\t\t<img fetchpriority=\"high\" decoding=\"async\" width=\"683\" height=\"1024\" src=\"https:\/\/shantiruum.ee\/wp-content\/uploads\/2025\/09\/web_003_portreefotod_fotograaf-Evelin-Elmest-683x1024.jpg\" class=\"attachment-large size-large wp-image-1293\" alt=\"\" srcset=\"https:\/\/shantiruum.ee\/wp-content\/uploads\/2025\/09\/web_003_portreefotod_fotograaf-Evelin-Elmest-683x1024.jpg 683w, https:\/\/shantiruum.ee\/wp-content\/uploads\/2025\/09\/web_003_portreefotod_fotograaf-Evelin-Elmest-200x300.jpg 200w, https:\/\/shantiruum.ee\/wp-content\/uploads\/2025\/09\/web_003_portreefotod_fotograaf-Evelin-Elmest-768x1152.jpg 768w, https:\/\/shantiruum.ee\/wp-content\/uploads\/2025\/09\/web_003_portreefotod_fotograaf-Evelin-Elmest-1024x1536.jpg 1024w, https:\/\/shantiruum.ee\/wp-content\/uploads\/2025\/09\/web_003_portreefotod_fotograaf-Evelin-Elmest-8x12.jpg 8w, https:\/\/shantiruum.ee\/wp-content\/uploads\/2025\/09\/web_003_portreefotod_fotograaf-Evelin-Elmest.jpg 1365w\" sizes=\"(max-width: 683px) 100vw, 683px\" \/>\t\t\t\t\t\t\t\t\t\t\t\t\t\t\t<\/div>\n\t\t\t\t<\/div>\n\t\t\t\t\t<\/div>\n\t\t<\/div>\n\t\t\t\t\t<\/div>\n\t\t<\/section>\n\t\t\t\t<\/div>","protected":false},"excerpt":{"rendered":"<p>Vabastav hingamine Vabastav hingamine Neljap\u00e4eval 6.11 kell 19:00 &#8211; 21:30 V\u00f5imas vabastava hingamise seanss Keilas! Mina olen Juhan Noode, biod\u00fcnaamilise ning rebirthing hingamist\u00f6\u00f6 juhendaja. Viin l\u00e4bi vabastava hingamise seansse. P\u00f5hjus selleks on lihtne &#8211; tervenesin t\u00e4nu sellele praktikale \u00e4revushoogudest ja depressioonist. Tundsin, et tegu on millegi v\u00e4ga olulise ja vajalikuga, mida soovin edasi anda. Olen [&hellip;]<\/p>\n","protected":false},"author":1,"featured_media":0,"parent":0,"menu_order":0,"comment_status":"closed","ping_status":"closed","template":"","meta":{"site-sidebar-layout":"no-sidebar","site-content-layout":"page-builder","ast-site-content-layout":"full-width-container","site-content-style":"unboxed","site-sidebar-style":"unboxed","ast-global-header-display":"","ast-banner-title-visibility":"","ast-main-header-display":"","ast-hfb-above-header-display":"","ast-hfb-below-header-display":"","ast-hfb-mobile-header-display":"","site-post-title":"disabled","ast-breadcrumbs-content":"","ast-featured-img":"disabled","footer-sml-layout":"disabled","ast-disable-related-posts":"","theme-transparent-header-meta":"enabled","adv-header-id-meta":"","stick-header-meta":"","header-above-stick-meta":"","header-main-stick-meta":"","header-below-stick-meta":"","astra-migrate-meta-layouts":"set","ast-page-background-enabled":"default","ast-page-background-meta":{"desktop":{"background-color":"","background-image":"","background-repeat":"repeat","background-position":"center center","background-size":"auto","background-attachment":"scroll","background-type":"","background-media":"","overlay-type":"","overlay-color":"","overlay-opacity":"","overlay-gradient":""},"tablet":{"background-color":"","background-image":"","background-repeat":"repeat","background-position":"center center","background-size":"auto","background-attachment":"scroll","background-type":"","background-media":"","overlay-type":"","overlay-color":"","overlay-opacity":"","overlay-gradient":""},"mobile":{"background-color":"","background-image":"","background-repeat":"repeat","background-position":"center center","background-size":"auto","background-attachment":"scroll","background-type":"","background-media":"","overlay-type":"","overlay-color":"","overlay-opacity":"","overlay-gradient":""}},"ast-content-background-meta":{"desktop":{"background-color":"var(--ast-global-color-5)","background-image":"","background-repeat":"repeat","background-position":"center center","background-size":"auto","background-attachment":"scroll","background-type":"","background-media":"","overlay-type":"","overlay-color":"","overlay-opacity":"","overlay-gradient":""},"tablet":{"background-color":"var(--ast-global-color-5)","background-image":"","background-repeat":"repeat","background-position":"center center","background-size":"auto","background-attachment":"scroll","background-type":"","background-media":"","overlay-type":"","overlay-color":"","overlay-opacity":"","overlay-gradient":""},"mobile":{"background-color":"var(--ast-global-color-5)","background-image":"","background-repeat":"repeat","background-position":"center center","background-size":"auto","background-attachment":"scroll","background-type":"","background-media":"","overlay-type":"","overlay-color":"","overlay-opacity":"","overlay-gradient":""}},"footnotes":""},"class_list":["post-1289","page","type-page","status-publish","hentry"],"_links":{"self":[{"href":"https:\/\/shantiruum.ee\/en\/wp-json\/wp\/v2\/pages\/1289","targetHints":{"allow":["GET"]}}],"collection":[{"href":"https:\/\/shantiruum.ee\/en\/wp-json\/wp\/v2\/pages"}],"about":[{"href":"https:\/\/shantiruum.ee\/en\/wp-json\/wp\/v2\/types\/page"}],"author":[{"embeddable":true,"href":"https:\/\/shantiruum.ee\/en\/wp-json\/wp\/v2\/users\/1"}],"replies":[{"embeddable":true,"href":"https:\/\/shantiruum.ee\/en\/wp-json\/wp\/v2\/comments?post=1289"}],"version-history":[{"count":10,"href":"https:\/\/shantiruum.ee\/en\/wp-json\/wp\/v2\/pages\/1289\/revisions"}],"predecessor-version":[{"id":1367,"href":"https:\/\/shantiruum.ee\/en\/wp-json\/wp\/v2\/pages\/1289\/revisions\/1367"}],"wp:attachment":[{"href":"https:\/\/shantiruum.ee\/en\/wp-json\/wp\/v2\/media?parent=1289"}],"curies":[{"name":"wp","href":"https:\/\/api.w.org\/{rel}","templated":true}]}}