{"id":1257,"date":"2025-09-18T19:27:01","date_gmt":"2025-09-18T16:27:01","guid":{"rendered":"https:\/\/shantiruum.ee\/?page_id=1257"},"modified":"2025-11-08T13:52:14","modified_gmt":"2025-11-08T11:52:14","slug":"hingering","status":"publish","type":"page","link":"https:\/\/shantiruum.ee\/en\/hingering\/","title":{"rendered":"Hingering 2.10.2025"},"content":{"rendered":"<div data-elementor-type=\"wp-page\" data-elementor-id=\"1257\" class=\"elementor elementor-1257\">\n\t\t\t\t<div class=\"elementor-element elementor-element-05b0b34 e-flex e-con-boxed e-con e-parent\" data-id=\"05b0b34\" data-element_type=\"container\" data-e-type=\"container\" data-settings=\"{&quot;background_background&quot;:&quot;classic&quot;}\">\n\t\t\t\t\t<div class=\"e-con-inner\">\n\t\t<div class=\"elementor-element elementor-element-ee8ebfd e-con-full e-flex e-con e-child\" data-id=\"ee8ebfd\" data-element_type=\"container\" data-e-type=\"container\">\n\t\t\t\t<div class=\"elementor-element elementor-element-7dab554 elementor-widget__width-initial elementor-widget elementor-widget-hfe-infocard\" data-id=\"7dab554\" data-element_type=\"widget\" data-e-type=\"widget\" data-widget_type=\"hfe-infocard.default\">\n\t\t\t\t<div class=\"elementor-widget-container\">\n\t\t\t\t\t\n\t\t<div class=\"hfe-infocard\">\n\t\t\t\t\t\t\t\t\t<div class=\"hfe-infocard-title-wrap\">\n\t\t\t\t<h2 class=\"hfe-infocard-title elementor-inline-editing\" data-elementor-setting-key=\"infocard_title\" data-elementor-inline-editing-toolbar=\"basic\" >Hingering<\/h2>\t\t\t<\/div>\n\t\t\t\t\t\t<div class=\"hfe-infocard-text-wrap\">\n\t\t\t\t<div class=\"hfe-infocard-text elementor-inline-editing\" data-elementor-setting-key=\"infocard_description\" data-elementor-inline-editing-toolbar=\"advanced\">\n\t\t\t\t\t\t\t\t\t<\/div>\n\t\t\t\t\t\t\t<\/div>\n\t\t<\/div>\n\n\t\t\t\t\t\t<\/div>\n\t\t\t\t<\/div>\n\t\t\t\t<\/div>\n\t\t\t\t\t<\/div>\n\t\t\t\t<\/div>\n\t\t\t\t<section class=\"elementor-section elementor-top-section elementor-element elementor-element-id0wnu6 elementor-section-content-middle elementor-section-boxed elementor-section-height-default elementor-section-height-default\" data-id=\"id0wnu6\" data-element_type=\"section\" data-e-type=\"section\" data-settings=\"{&quot;background_background&quot;:&quot;classic&quot;}\">\n\t\t\t\t\t\t<div class=\"elementor-container elementor-column-gap-no\">\n\t\t\t\t\t<div class=\"elementor-column elementor-col-50 elementor-top-column elementor-element elementor-element-cb91d49\" data-id=\"cb91d49\" data-element_type=\"column\" data-e-type=\"column\">\n\t\t\t<div class=\"elementor-widget-wrap elementor-element-populated\">\n\t\t\t\t\t\t<div class=\"elementor-element elementor-element-2818576 elementor-widget elementor-widget-image-box\" data-id=\"2818576\" data-element_type=\"widget\" data-e-type=\"widget\" data-widget_type=\"image-box.default\">\n\t\t\t\t<div class=\"elementor-widget-container\">\n\t\t\t\t\t<div class=\"elementor-image-box-wrapper\"><div class=\"elementor-image-box-content\"><h2 class=\"elementor-image-box-title\">Hingering<\/h2><p class=\"elementor-image-box-description\"><b>5. dets kell 18:30 - 21:00<\/b><\/p><\/div><\/div>\t\t\t\t<\/div>\n\t\t\t\t<\/div>\n\t\t\t\t<div class=\"elementor-element elementor-element-8a91095 elementor-widget elementor-widget-text-editor\" data-id=\"8a91095\" data-element_type=\"widget\" data-e-type=\"widget\" data-widget_type=\"text-editor.default\">\n\t\t\t\t<div class=\"elementor-widget-container\">\n\t\t\t\t\t\t\t\t\t<div dir=\"auto\">Minu n\u00e4gemuses on Hingering kui valguss\u00f5\u00f5r, kui v\u00e4rav s\u00fcdame avatusse. Hinge t\u00f5mme \u00f5nnistada elu ja \u00fcksteist ning t\u00e4histada armastusk\u00fcllust!<\/div>\n<div dir=\"auto\">&nbsp;<\/div>\n<div dir=\"auto\">Hingeringi kokkutulemised on kokkuk\u00f5lamised hingetasandil. H\u00f5lmates nii s\u00fcdamlikke jagamisi, p\u00fchendunud kuulamist kui praktilisi tegevusi, mis toetavad armastuse seisundis p\u00fcsimist ning kerguse, rahu ja r\u00f5\u00f5muga oma eluteel liikumist.<\/div>\n<div dir=\"auto\">&nbsp;<\/div>\n<div dir=\"auto\">Hingeringid joonistuvad v\u00e4lja ajas. Mis t\u00e4pselt s\u00fcnnib, see v\u00f5tab originaalse kuju kohapeal.<\/div>\n<div dir=\"auto\">&nbsp;<\/div>\n<div dir=\"auto\">\u00dctlen t\u00e4na endast nii. Ma olen intuitiivne t\u00f5etunnetaja, tundetasandi puhastaja\/korrastaja ja s\u00fcdamesageduse peenh\u00e4\u00e4lestaja, meditatiivne valguskeele \u00e4rataja ja valguskoodide kandja. Kohaloluruumi looja ja Hoidja. V\u00e4lja kutsuja.<\/div>\n<div dir=\"auto\">&nbsp;<\/div>\n<div dir=\"auto\">Kutsun Sind hingeliselt hoitud \u00fchisesse loomisv\u00e4lja!<\/div>\n<div dir=\"auto\">Riietu mugavalt, istume p\u00f5randal meditatsioonipatjadel.<\/div>\n<div dir=\"auto\">&nbsp;<\/div>\n<div dir=\"auto\">Osalemiseks anna endast mulle m\u00e4rku Messengeri s\u00f5numiga v\u00f5i e-kirja teel&nbsp;<a href=\"mailto:tiina.reesen@gmail.com\" target=\"_blank\" rel=\"noopener noreferrer noreferrer\">tiina.reesen@gmail.com<\/a>&nbsp;ja v\u00f5ta kaasa 25 \u20ac.<\/div>\n<div dir=\"auto\">Leiad mu \u00f5ige nimega Tiina Reesen.<\/div>\n<div dir=\"auto\">&nbsp;<\/div>\n<div dir=\"auto\">Minus on r\u00f5\u00f5m ja elevus! Kohtumiseni Hingeringis!<\/div>\n<div dir=\"auto\">J\u00e4rgmised kokkuk\u00f5lad: 05.12.<\/div>\t\t\t\t\t\t\t\t<\/div>\n\t\t\t\t<\/div>\n\t\t\t\t<div class=\"elementor-element elementor-element-1f29d07 elementor-mobile-align-center elementor-widget elementor-widget-button\" data-id=\"1f29d07\" data-element_type=\"widget\" data-e-type=\"widget\" data-widget_type=\"button.default\">\n\t\t\t\t<div class=\"elementor-widget-container\">\n\t\t\t\t\t\t\t\t\t<div class=\"elementor-button-wrapper\">\n\t\t\t\t\t<a class=\"elementor-button elementor-button-link elementor-size-sm\" href=\"https:\/\/www.facebook.com\/events\/1374197307609350\">\n\t\t\t\t\t\t<span class=\"elementor-button-content-wrapper\">\n\t\t\t\t\t\t\t\t\t<span class=\"elementor-button-text\">FB s\u00fcndmus<\/span>\n\t\t\t\t\t<\/span>\n\t\t\t\t\t<\/a>\n\t\t\t\t<\/div>\n\t\t\t\t\t\t\t\t<\/div>\n\t\t\t\t<\/div>\n\t\t\t\t\t<\/div>\n\t\t<\/div>\n\t\t\t\t<div class=\"elementor-column elementor-col-50 elementor-top-column elementor-element elementor-element-fd8c07d\" data-id=\"fd8c07d\" data-element_type=\"column\" data-e-type=\"column\">\n\t\t\t<div class=\"elementor-widget-wrap elementor-element-populated\">\n\t\t\t\t\t\t<div class=\"elementor-element elementor-element-35712aa elementor-widget elementor-widget-image\" data-id=\"35712aa\" data-element_type=\"widget\" data-e-type=\"widget\" data-widget_type=\"image.default\">\n\t\t\t\t<div class=\"elementor-widget-container\">\n\t\t\t\t\t\t\t\t\t\t\t\t\t\t\t<img fetchpriority=\"high\" decoding=\"async\" width=\"1024\" height=\"683\" src=\"https:\/\/shantiruum.ee\/wp-content\/uploads\/2025\/09\/Tiina_Reesen-1024x683.jpg\" class=\"attachment-large size-large wp-image-1261\" alt=\"\" srcset=\"https:\/\/shantiruum.ee\/wp-content\/uploads\/2025\/09\/Tiina_Reesen-1024x683.jpg 1024w, https:\/\/shantiruum.ee\/wp-content\/uploads\/2025\/09\/Tiina_Reesen-300x200.jpg 300w, https:\/\/shantiruum.ee\/wp-content\/uploads\/2025\/09\/Tiina_Reesen-768x512.jpg 768w, https:\/\/shantiruum.ee\/wp-content\/uploads\/2025\/09\/Tiina_Reesen-18x12.jpg 18w, https:\/\/shantiruum.ee\/wp-content\/uploads\/2025\/09\/Tiina_Reesen.jpg 1500w\" sizes=\"(max-width: 1024px) 100vw, 1024px\" \/>\t\t\t\t\t\t\t\t\t\t\t\t\t\t\t<\/div>\n\t\t\t\t<\/div>\n\t\t\t\t<div class=\"elementor-element elementor-element-8ba51ed elementor-widget elementor-widget-image\" data-id=\"8ba51ed\" data-element_type=\"widget\" data-e-type=\"widget\" data-widget_type=\"image.default\">\n\t\t\t\t<div class=\"elementor-widget-container\">\n\t\t\t\t\t\t\t\t\t\t\t\t\t\t\t<img decoding=\"async\" width=\"1024\" height=\"683\" src=\"https:\/\/shantiruum.ee\/wp-content\/uploads\/2025\/09\/Meditatiivne_hingering-1024x683.jpg\" class=\"attachment-large size-large wp-image-1260\" alt=\"\" srcset=\"https:\/\/shantiruum.ee\/wp-content\/uploads\/2025\/09\/Meditatiivne_hingering-1024x683.jpg 1024w, https:\/\/shantiruum.ee\/wp-content\/uploads\/2025\/09\/Meditatiivne_hingering-300x200.jpg 300w, https:\/\/shantiruum.ee\/wp-content\/uploads\/2025\/09\/Meditatiivne_hingering-768x512.jpg 768w, https:\/\/shantiruum.ee\/wp-content\/uploads\/2025\/09\/Meditatiivne_hingering-18x12.jpg 18w, https:\/\/shantiruum.ee\/wp-content\/uploads\/2025\/09\/Meditatiivne_hingering.jpg 1500w\" sizes=\"(max-width: 1024px) 100vw, 1024px\" \/>\t\t\t\t\t\t\t\t\t\t\t\t\t\t\t<\/div>\n\t\t\t\t<\/div>\n\t\t\t\t\t<\/div>\n\t\t<\/div>\n\t\t\t\t\t<\/div>\n\t\t<\/section>\n\t\t\t\t<\/div>","protected":false},"excerpt":{"rendered":"<p>Hingering Hingering 5. dets kell 18:30 &#8211; 21:00 Minu n\u00e4gemuses on Hingering kui valguss\u00f5\u00f5r, kui v\u00e4rav s\u00fcdame avatusse. Hinge t\u00f5mme \u00f5nnistada elu ja \u00fcksteist ning t\u00e4histada armastusk\u00fcllust! &nbsp; Hingeringi kokkutulemised on kokkuk\u00f5lamised hingetasandil. H\u00f5lmates nii s\u00fcdamlikke jagamisi, p\u00fchendunud kuulamist kui praktilisi tegevusi, mis toetavad armastuse seisundis p\u00fcsimist ning kerguse, rahu ja r\u00f5\u00f5muga oma eluteel liikumist. [&hellip;]<\/p>\n","protected":false},"author":1,"featured_media":0,"parent":0,"menu_order":0,"comment_status":"closed","ping_status":"closed","template":"","meta":{"site-sidebar-layout":"no-sidebar","site-content-layout":"page-builder","ast-site-content-layout":"full-width-container","site-content-style":"unboxed","site-sidebar-style":"unboxed","ast-global-header-display":"","ast-banner-title-visibility":"","ast-main-header-display":"","ast-hfb-above-header-display":"","ast-hfb-below-header-display":"","ast-hfb-mobile-header-display":"","site-post-title":"disabled","ast-breadcrumbs-content":"","ast-featured-img":"disabled","footer-sml-layout":"disabled","ast-disable-related-posts":"","theme-transparent-header-meta":"enabled","adv-header-id-meta":"","stick-header-meta":"","header-above-stick-meta":"","header-main-stick-meta":"","header-below-stick-meta":"","astra-migrate-meta-layouts":"set","ast-page-background-enabled":"default","ast-page-background-meta":{"desktop":{"background-color":"","background-image":"","background-repeat":"repeat","background-position":"center center","background-size":"auto","background-attachment":"scroll","background-type":"","background-media":"","overlay-type":"","overlay-color":"","overlay-opacity":"","overlay-gradient":""},"tablet":{"background-color":"","background-image":"","background-repeat":"repeat","background-position":"center center","background-size":"auto","background-attachment":"scroll","background-type":"","background-media":"","overlay-type":"","overlay-color":"","overlay-opacity":"","overlay-gradient":""},"mobile":{"background-color":"","background-image":"","background-repeat":"repeat","background-position":"center center","background-size":"auto","background-attachment":"scroll","background-type":"","background-media":"","overlay-type":"","overlay-color":"","overlay-opacity":"","overlay-gradient":""}},"ast-content-background-meta":{"desktop":{"background-color":"var(--ast-global-color-5)","background-image":"","background-repeat":"repeat","background-position":"center center","background-size":"auto","background-attachment":"scroll","background-type":"","background-media":"","overlay-type":"","overlay-color":"","overlay-opacity":"","overlay-gradient":""},"tablet":{"background-color":"var(--ast-global-color-5)","background-image":"","background-repeat":"repeat","background-position":"center center","background-size":"auto","background-attachment":"scroll","background-type":"","background-media":"","overlay-type":"","overlay-color":"","overlay-opacity":"","overlay-gradient":""},"mobile":{"background-color":"var(--ast-global-color-5)","background-image":"","background-repeat":"repeat","background-position":"center center","background-size":"auto","background-attachment":"scroll","background-type":"","background-media":"","overlay-type":"","overlay-color":"","overlay-opacity":"","overlay-gradient":""}},"footnotes":""},"class_list":["post-1257","page","type-page","status-publish","hentry"],"_links":{"self":[{"href":"https:\/\/shantiruum.ee\/en\/wp-json\/wp\/v2\/pages\/1257","targetHints":{"allow":["GET"]}}],"collection":[{"href":"https:\/\/shantiruum.ee\/en\/wp-json\/wp\/v2\/pages"}],"about":[{"href":"https:\/\/shantiruum.ee\/en\/wp-json\/wp\/v2\/types\/page"}],"author":[{"embeddable":true,"href":"https:\/\/shantiruum.ee\/en\/wp-json\/wp\/v2\/users\/1"}],"replies":[{"embeddable":true,"href":"https:\/\/shantiruum.ee\/en\/wp-json\/wp\/v2\/comments?post=1257"}],"version-history":[{"count":25,"href":"https:\/\/shantiruum.ee\/en\/wp-json\/wp\/v2\/pages\/1257\/revisions"}],"predecessor-version":[{"id":1428,"href":"https:\/\/shantiruum.ee\/en\/wp-json\/wp\/v2\/pages\/1257\/revisions\/1428"}],"wp:attachment":[{"href":"https:\/\/shantiruum.ee\/en\/wp-json\/wp\/v2\/media?parent=1257"}],"curies":[{"name":"wp","href":"https:\/\/api.w.org\/{rel}","templated":true}]}}